{"id":2520,"date":"2020-09-18T09:42:54","date_gmt":"2020-09-18T13:42:54","guid":{"rendered":"https:\/\/companyofanimals.co.uk\/\/?page_id=2520"},"modified":"2023-10-17T04:29:58","modified_gmt":"2023-10-17T08:29:58","slug":"piles-usagees","status":"publish","type":"page","link":"https:\/\/companyofanimals.com\/fr\/piles-usagees\/","title":{"rendered":"Piles usag\u00e9es"},"content":{"rendered":"<p>En vertu des r\u00e9glementations en vigueur sur les piles usag\u00e9es, Company of Animals g\u00e8re \u00e0 pr\u00e9sent un programme de reprise pour toutes les piles usag\u00e9es.<\/p>\n<p>Vous pouvez retourner vos piles usag\u00e9es \u00e0 nos locaux soit par la poste, soit en personne. Vous pourrez aussi trouver le centre de recyclage de piles usag\u00e9es le plus proche de chez vous sur <a href=\"http:\/\/www.recyclenow.com\" target=\"_blank\" rel=\"noopener\">www.recyclenow.com<\/a>. La plupart des supermarch\u00e9s et magasins qui vendent des piles mettent des poubelles de collecte pour piles usag\u00e9es \u00e0 la disposition des clients. Certaines mairies, biblioth\u00e8ques et \u00e9coles installent aussi parfois des points de collecte dans leurs locaux. Les points de collecte des magasins locaux offrent sans doute la solution la plus pratique aux utilisateurs finaux.<\/p>\n","protected":false},"excerpt":{"rendered":"<p>En vertu des r\u00e9glementations en vigueur sur les piles usag\u00e9es, Company of Animals g\u00e8re \u00e0 pr\u00e9sent un programme de reprise pour toutes les piles usag\u00e9es. Vous pouvez retourner vos piles usag\u00e9es \u00e0 nos locaux soit par la poste, soit en personne. Vous pourrez aussi trouver le centre de recyclage de piles usag\u00e9es le plus proche [&hellip;]<\/p>\n","protected":false},"author":6051,"featured_media":0,"parent":0,"menu_order":15,"comment_status":"closed","ping_status":"closed","template":"","meta":{"_acf_changed":false,"footnotes":""},"class_list":["post-2520","page","type-page","status-publish","hentry","content-entity"],"acf":[],"_links":{"self":[{"href":"https:\/\/companyofanimals.com\/fr\/wp-json\/wp\/v2\/pages\/2520","targetHints":{"allow":["GET"]}}],"collection":[{"href":"https:\/\/companyofanimals.com\/fr\/wp-json\/wp\/v2\/pages"}],"about":[{"href":"https:\/\/companyofanimals.com\/fr\/wp-json\/wp\/v2\/types\/page"}],"author":[{"embeddable":true,"href":"https:\/\/companyofanimals.com\/fr\/wp-json\/wp\/v2\/users\/6051"}],"replies":[{"embeddable":true,"href":"https:\/\/companyofanimals.com\/fr\/wp-json\/wp\/v2\/comments?post=2520"}],"version-history":[{"count":1,"href":"https:\/\/companyofanimals.com\/fr\/wp-json\/wp\/v2\/pages\/2520\/revisions"}],"predecessor-version":[{"id":21006,"href":"https:\/\/companyofanimals.com\/fr\/wp-json\/wp\/v2\/pages\/2520\/revisions\/21006"}],"wp:attachment":[{"href":"https:\/\/companyofanimals.com\/fr\/wp-json\/wp\/v2\/media?parent=2520"}],"curies":[{"name":"wp","href":"https:\/\/api.w.org\/{rel}","templated":true}]}}