{"id":2475,"date":"2020-09-17T17:44:25","date_gmt":"2020-09-17T21:44:25","guid":{"rendered":"https:\/\/companyofanimals.co.uk\/\/?page_id=2475"},"modified":"2025-06-12T10:02:42","modified_gmt":"2025-06-12T14:02:42","slug":"conditions-generales","status":"publish","type":"page","link":"https:\/\/companyofanimals.com\/fr\/conditions-generales\/","title":{"rendered":"Conditions g\u00e9n\u00e9rales"},"content":{"rendered":"<h2 class=\"v1v1msonormal1\"><strong><span lang=\"EN-GB\">Conditions g\u00e9n\u00e9rales des m\u00e9dias sociaux de Company of Animals<\/span><\/strong><\/h2>\n<ol start=\"1\" type=\"1\">\n<li class=\"v1v1msonormal2\"><span lang=\"EN-GB\">Le promoteur est Company of Animals Ltd (n\u00b0 2030659), dont le si\u00e8ge social est \u00e0 Ruxbury Farm, St Ann&#8217;s Hill Road, Chertsey, Surrey, KT16 9NL.<\/span><\/li>\n<li class=\"v1v1msonormal2\"><span lang=\"EN-GB\">La participation est ouverte aux r\u00e9sidents du Royaume-Uni \u00e2g\u00e9s de 18 ans ou plus, sauf aux employ\u00e9s de Company of Animals Ltd, \u00e0 leurs proches et aux personnes impliqu\u00e9es dans l&#8217;organisation ou le jury du concours.<\/span><\/li>\n<li class=\"v1v1msonormal2\"><span lang=\"EN-GB\">L&#8217;inscription est gratuite et aucun achat n&#8217;est requis.<\/span><\/li>\n<li class=\"v1v1msonormal2\"><span lang=\"EN-GB\">Une seule participation par personne, foyer ou adresse e-mail, sauf indication contraire.<\/span><\/li>\n<li class=\"v1v1msonormal2\"><span lang=\"EN-GB\">Company of Animals d\u00e9cline toute responsabilit\u00e9 pour les participations in\u00e9ligibles, incompl\u00e8tes ou frauduleuses.<\/span><\/li>\n<li class=\"v1v1msonormal2\"><span lang=\"EN-GB\">Les participations doivent \u00eatre re\u00e7ues avant la date de cl\u00f4ture. La preuve d&#8217;envoi n&#8217;est pas une preuve de r\u00e9ception.<\/span><\/li>\n<li class=\"v1v1msonormal2\"><span lang=\"EN-GB\">Les modalit\u00e9s d&#8217;inscription, les d\u00e9tails du concours, les lots et la date de cl\u00f4ture sont disponibles sur notre site web et sur les pages Facebook, Instagram et\/ou TikTok du promoteur. Les participations soumises ailleurs ou apr\u00e8s la date limite ne seront pas compt\u00e9es.<\/span><\/li>\n<li class=\"v1v1msonormal2\"><span lang=\"EN-GB\">Chaque participant doit suivre les instructions pr\u00e9cis\u00e9es dans le post du concours sur Instagram, Facebook et\/ou TikTok.<\/span><\/li>\n<li class=\"v1v1msonormal2\"><span lang=\"EN-GB\">Une participation correcte (ou selon les modalit\u00e9s du concours) sera d\u00e9sign\u00e9e gagnante et contact\u00e9e par \u00e9crit dans un d\u00e9lai raisonnable apr\u00e8s la date de cl\u00f4ture, sauf mention contraire.<\/span><\/li>\n<li class=\"v1v1msonormal2\"><span lang=\"EN-GB\">Toutes les d\u00e9cisions de Company of Animals sont d\u00e9finitives. Aucune correspondance ne sera engag\u00e9e.<\/span><\/li>\n<li class=\"v1v1msonormal2\"><span lang=\"EN-GB\">Si le gagnant n&#8217;accepte pas le lot dans les 7 jours suivant la notification, le lot sera perdu et pourra \u00eatre propos\u00e9 \u00e0 un autre participant.<\/span><\/li>\n<li class=\"v1v1msonormal2\"><span lang=\"EN-GB\">Les lots ne sont pas transf\u00e9rables et ne peuvent pas \u00eatre \u00e9chang\u00e9s contre de l&#8217;argent ou d&#8217;autres biens, sauf indication expresse.<\/span><\/li>\n<li class=\"v1v1msonormal2\"><span lang=\"EN-GB\">Les participations automatis\u00e9es, en masse ou via un tiers seront disqualifi\u00e9es.<\/span><\/li>\n<li class=\"v1v1msonormal2\"><span lang=\"EN-GB\">Company of Animals n&#8217;est pas responsable des retards ou d\u00e9fauts de livraison par des tiers, ni de la qualit\u00e9 du lot attribu\u00e9.<\/span><\/li>\n<li class=\"v1v1msonormal2\"><span lang=\"EN-GB\">En participant, les gagnants peuvent devoir participer \u00e0 des actions promotionnelles (publications sur les r\u00e9seaux sociaux, site web de Company of Animals ou autres supports marketing).<\/span><\/li>\n<li class=\"v1v1msonormal2\"><span lang=\"EN-GB\">La participation implique l&#8217;acceptation pleine et enti\u00e8re de ces conditions.<\/span><\/li>\n<li class=\"v1v1msonormal2\"><span lang=\"EN-GB\">Les donn\u00e9es personnelles collect\u00e9es seront utilis\u00e9es par Company of Animals pour la gestion du concours et pourront \u00eatre partag\u00e9es avec des tiers pour l&#8217;envoi des lots.<br \/>\n<\/span><\/li>\n<\/ol>\n<h2 class=\"v1v1msonormal1\"><span lang=\"EN-GB\">C<strong>onditions g\u00e9n\u00e9rales pour les influenceurs<\/strong><\/span><\/h2>\n<p class=\"v1v1msonormal1\"><span lang=\"EN-GB\">En acceptant de collaborer avec Company of Animals Ltd, l&#8217;influenceur doit :<\/span><\/p>\n<ol start=\"1\" type=\"1\">\n<li class=\"v1v1msonormal2\"><span lang=\"EN-GB\">Confirmer sa ma\u00eetrise de la cr\u00e9ation\/\u00e9dition de vid\u00e9os verticales pour Instagram Reels et TikTok.<\/span><\/li>\n<li class=\"v1v1msonormal2\"><span lang=\"EN-GB\">Publier un contenu sans marques concurrentes reconnaissables.<\/span><\/li>\n<li class=\"v1v1msonormal2\"><span lang=\"EN-GB\">Certifier ne pas avoir travaill\u00e9 avec un concurrent direct au cours des trois derniers mois.<\/span><\/li>\n<li class=\"v1v1msonormal2\"><span lang=\"EN-GB\">Respecter les d\u00e9lais et la vision de la campagne, notamment publier votre avis dans les 2 semaines suivant la r\u00e9ception du produit.<\/span><\/li>\n<li class=\"v1v1msonormal2\"><span lang=\"EN-GB\">Soumettre votre contenu pour validation avant publication, dans les 2 semaines suivant la r\u00e9ception du produit.<\/span><\/li>\n<li class=\"v1v1msonormal2\"><span lang=\"EN-GB\">Inclure tous les hashtags, mentions, liens, logos de Company of Animals Ltd, logos des partenaires et r\u00e9f\u00e9rences \u00e0 la campagne.<\/span><\/li>\n<li class=\"v1v1msonormal2\"><span lang=\"EN-GB\">Autoriser Company of Animals Ltd \u00e0 utiliser votre contenu sur leurs r\u00e9seaux, sites web, supports graphiques, publicit\u00e9s ou vid\u00e9os.<\/span><\/li>\n<li class=\"v1v1msonormal2\"><span lang=\"EN-GB\">Respecter les directives de l&#8217;Advertising Standards Authority et veiller \u00e0 la conformit\u00e9 du contenu.<\/span><\/li>\n<li class=\"v1v1msonormal2\"><span lang=\"EN-GB\">Tenir compte que les informations publi\u00e9es sur le fil sont visibles par tous les abonn\u00e9s de @companyofanimals, @petheadofficial et @officialbaskerville.<\/span><\/li>\n<li class=\"v1v1msonormal2\"><span lang=\"EN-GB\">Modifier ou supprimer imm\u00e9diatement tout contenu \u00e0 la demande raisonnable de Company of Animals Ltd ou de ses partenaires.<\/span><\/li>\n<li class=\"v1v1msonormal2\"><span lang=\"EN-GB\">Sur demande, fournir les indicateurs Instagram du contenu (impressions, port\u00e9e, mentions J&#8217;aime, commentaires, vues, r\u00e9ponses, clics sur liens, sauvegardes d&#8217;image).<\/span><\/li>\n<li class=\"v1v1msonormal2\"><span lang=\"EN-GB\">Informer rapidement Company of Animals Ltd si, pour une raison impr\u00e9vue, vous ne pouvez pas publier votre avis \u00e0 la date limite.<\/span><\/li>\n<li class=\"v1v1msonormal2\"><span lang=\"EN-GB\">Si un produit ne fonctionne pas comme pr\u00e9vu, pr\u00e9venir imm\u00e9diatement par e-mail (<a href=\"mailto:marketing@wearecoa.com\" rel=\"noreferrer\">marketing@wearecoa.com<\/a>). Dans ce cas, ne pas publier d&#8217;avis, mais proposer un autre produit qui vous convient.<\/span><\/li>\n<\/ol>\n<p class=\"v1v1msonormal1\"><span lang=\"EN-GB\">L&#8217;influenceur s&#8217;engage \u00e0 ne pas :<\/span><\/p>\n<ul type=\"disc\">\n<li class=\"v1v1msonormal2\"><span lang=\"EN-GB\">Mentionner ou afficher des marques, logos ou produits tiers sans l&#8217;accord \u00e9crit de Company of Animals Ltd.<\/span><\/li>\n<li class=\"v1v1msonormal2\"><span lang=\"EN-GB\">Porter atteinte aux droits d&#8217;auteur, marques ou secrets d&#8217;une tierce partie sans permission.<\/span><\/li>\n<li class=\"v1v1msonormal2\"><span lang=\"EN-GB\">Publier du contenu offensant, ind\u00e9cent, ill\u00e9gal ou susceptible de nuire \u00e0 la r\u00e9putation de Company of Animals Ltd, de la campagne ou de ses partenaires.<\/span><\/li>\n<\/ul>\n<p class=\"v1v1msonormal1\"><span lang=\"EN-GB\">Enfin, merci de nous informer si vous utilisez des colliers \u00e0 pointes, colliers \u00e9lectriques ou museli\u00e8res en tissu. Dans ce cas, nous ne pourrons pas collaborer.<\/span><\/p>\n","protected":false},"excerpt":{"rendered":"<p>Conditions g\u00e9n\u00e9rales des m\u00e9dias sociaux de Company of Animals Le promoteur est Company of Animals Ltd (n\u00b0 2030659), dont le si\u00e8ge social est \u00e0 Ruxbury Farm, St Ann&#8217;s Hill Road, Chertsey, Surrey, KT16 9NL. La participation est ouverte aux r\u00e9sidents du Royaume-Uni \u00e2g\u00e9s de 18 ans ou plus, sauf aux employ\u00e9s de Company of Animals [&hellip;]<\/p>\n","protected":false},"author":6051,"featured_media":0,"parent":0,"menu_order":13,"comment_status":"closed","ping_status":"closed","template":"","meta":{"_acf_changed":false,"footnotes":""},"class_list":["post-2475","page","type-page","status-publish","hentry","content-entity"],"acf":[],"_links":{"self":[{"href":"https:\/\/companyofanimals.com\/fr\/wp-json\/wp\/v2\/pages\/2475","targetHints":{"allow":["GET"]}}],"collection":[{"href":"https:\/\/companyofanimals.com\/fr\/wp-json\/wp\/v2\/pages"}],"about":[{"href":"https:\/\/companyofanimals.com\/fr\/wp-json\/wp\/v2\/types\/page"}],"author":[{"embeddable":true,"href":"https:\/\/companyofanimals.com\/fr\/wp-json\/wp\/v2\/users\/6051"}],"replies":[{"embeddable":true,"href":"https:\/\/companyofanimals.com\/fr\/wp-json\/wp\/v2\/comments?post=2475"}],"version-history":[{"count":3,"href":"https:\/\/companyofanimals.com\/fr\/wp-json\/wp\/v2\/pages\/2475\/revisions"}],"predecessor-version":[{"id":22308,"href":"https:\/\/companyofanimals.com\/fr\/wp-json\/wp\/v2\/pages\/2475\/revisions\/22308"}],"wp:attachment":[{"href":"https:\/\/companyofanimals.com\/fr\/wp-json\/wp\/v2\/media?parent=2475"}],"curies":[{"name":"wp","href":"https:\/\/api.w.org\/{rel}","templated":true}]}}