{"id":19870,"date":"2023-01-12T13:13:55","date_gmt":"2023-01-12T18:13:55","guid":{"rendered":"https:\/\/companyofanimals.com\/fr\/?page_id=15651"},"modified":"2023-10-17T04:30:00","modified_gmt":"2023-10-17T08:30:00","slug":"conditions-generales-des-tests-de-produits","status":"publish","type":"page","link":"https:\/\/companyofanimals.com\/fr\/conditions-generales-des-tests-de-produits\/","title":{"rendered":"Conditions g\u00e9n\u00e9rales des tests de produits"},"content":{"rendered":"<p><b><span data-contrast=\"auto\">Conditions g\u00e9n\u00e9rales des tests de produits de Company of Animals<\/span><\/b><span data-ccp-props=\"{&quot;201341983&quot;:0,&quot;335551550&quot;:2,&quot;335551620&quot;:2,&quot;335559739&quot;:160,&quot;335559740&quot;:257}\">\u00a0<\/span><\/p>\n<ol>\n<li>En participant \u00e0 cette enqu\u00eate, vous confirmez que vous avez lu et acceptez ces conditions g\u00e9n\u00e9rales.<\/li>\n<li>Votre participation \u00e0 cette enqu\u00eate est volontaire, et vous pouvez mettre fin \u00e0 votre participation \u00e0 tout moment.<\/li>\n<li>Le produit que vous testerez est actuellement en d\u00e9veloppement et n\u2019est pas encore commercialis\u00e9. Company of Animals ne pourra pas \u00eatre tenue responsable en cas de perte ou dommage d\u00e9coulant de l\u2019utilisation du produit ou de toute information fournie au sujet du produit. Vous assumez volontairement tous les risques de perte ou dommage susceptibles de survenir.<\/li>\n<li>Le produit en d\u00e9veloppement que vous testerez est consid\u00e9r\u00e9 comme confidentiel et comme propri\u00e9t\u00e9 intellectuelle. En recevant le produit, vous acceptez d\u2019assurer la confidentialit\u00e9 de toutes les informations s\u2019y rapportant, et de ne pas les divulguer \u00e0 des tiers. Aucune image ou information relative au produit ou \u00e0 l\u2019enqu\u00eate ne devrait \u00eatre partag\u00e9e dans le domaine public. Vous acceptez aussi de n\u2019utiliser ces informations qu\u2019\u00e0 la seule fin d\u2019\u00e9valuer le produit, et \u00e0 aucune autre fin commerciale ou non commerciale. Si vous ne respectez pas ces conditions g\u00e9n\u00e9rales, vous vous exposez \u00e0 des risques de poursuites judiciaires.<\/li>\n<li>Les informations que vous nous fournissez doivent \u00eatre v\u00e9ridiques et correctes.<\/li>\n<li>Les informations que vous fournissez dans cette enqu\u00eate seront utilis\u00e9es par Company of Animals Ltd et ses entit\u00e9s mondiales pour am\u00e9liorer et d\u00e9velopper de nouveaux produits. Elles pourront aussi \u00eatre utilis\u00e9es \u00e0 des fins de recherche et de marketing, mais vos informations personnelles resteront confidentielles et ne seront pas divulgu\u00e9es \u00e0 des tiers. Les donn\u00e9es personnelles collect\u00e9es dans le cadre de cette \u00e9tude ne seront utilis\u00e9es qu\u2019aux seules fins de l\u2019\u00e9tude, et seront d\u00e9truites \u00e0 l\u2019issue de l\u2019\u00e9tude.<\/li>\n<li>Vous avez le droit d\u2019acc\u00e9der, de rectifier, de supprimer, ou de vous opposer au traitement de vos donn\u00e9es personnelles \u00e0 tout moment, en nous contactant \u00e0 <a href=\"mailto:office@wearecoa.com\">office@wearecoa.com<\/a>.<\/li>\n<li>Vous nous fournirez rapidement votre feedback apr\u00e8s avoir utilis\u00e9 les produits. Si vous ne le faites pas, vous ne recevrez pas la r\u00e9compense convenue pour votre participation \u00e0 l&#8217;enqu\u00eate.<\/li>\n<li>Vous ne devez pas travailler pour la presse, \u00eatre employ\u00e9 ou repr\u00e9senter de l\u2019un de nos concurrents, ni \u00eatre associ\u00e9, de quelque mani\u00e8re que ce soit, au secteur animalerie.<\/li>\n<li>Le test du produit est men\u00e9 par Company of Animals Ltd.<\/li>\n<li>Company of Animals Ltd utilisera Survey Monkey pour conduire les enqu\u00eates et vous contacter. Veuillez vous rendre sur le site web de Monkey Survey pour savoir comment Monkey Survey utilise et conserve les donn\u00e9es collect\u00e9es.<\/li>\n<li>Si vous vous livrez \u00e0 un acte, ou menacez de vous livrer \u00e0 un acte, qui viole l\u2019une quelconque des dispositions des pr\u00e9sentes, vous vous exposez \u00e0 des risques de poursuites judiciaires.<\/li>\n<\/ol>\n","protected":false},"excerpt":{"rendered":"<p>Conditions g\u00e9n\u00e9rales des tests de produits de Company of Animals\u00a0 En participant \u00e0 cette enqu\u00eate, vous confirmez que vous avez lu et acceptez ces conditions g\u00e9n\u00e9rales. Votre participation \u00e0 cette enqu\u00eate est volontaire, et vous pouvez mettre fin \u00e0 votre participation \u00e0 tout moment. Le produit que vous testerez est actuellement en d\u00e9veloppement et n\u2019est [&hellip;]<\/p>\n","protected":false},"author":6051,"featured_media":0,"parent":0,"menu_order":12,"comment_status":"closed","ping_status":"closed","template":"","meta":{"_acf_changed":false,"footnotes":""},"class_list":["post-19870","page","type-page","status-publish","hentry","content-entity"],"acf":[],"_links":{"self":[{"href":"https:\/\/companyofanimals.com\/fr\/wp-json\/wp\/v2\/pages\/19870","targetHints":{"allow":["GET"]}}],"collection":[{"href":"https:\/\/companyofanimals.com\/fr\/wp-json\/wp\/v2\/pages"}],"about":[{"href":"https:\/\/companyofanimals.com\/fr\/wp-json\/wp\/v2\/types\/page"}],"author":[{"embeddable":true,"href":"https:\/\/companyofanimals.com\/fr\/wp-json\/wp\/v2\/users\/6051"}],"replies":[{"embeddable":true,"href":"https:\/\/companyofanimals.com\/fr\/wp-json\/wp\/v2\/comments?post=19870"}],"version-history":[{"count":1,"href":"https:\/\/companyofanimals.com\/fr\/wp-json\/wp\/v2\/pages\/19870\/revisions"}],"predecessor-version":[{"id":21004,"href":"https:\/\/companyofanimals.com\/fr\/wp-json\/wp\/v2\/pages\/19870\/revisions\/21004"}],"wp:attachment":[{"href":"https:\/\/companyofanimals.com\/fr\/wp-json\/wp\/v2\/media?parent=19870"}],"curies":[{"name":"wp","href":"https:\/\/api.w.org\/{rel}","templated":true}]}}