{"id":2520,"date":"2020-09-18T09:42:54","date_gmt":"2020-09-18T13:42:54","guid":{"rendered":"https:\/\/companyofanimals.co.uk\/\/?page_id=2520"},"modified":"2023-10-17T04:30:04","modified_gmt":"2023-10-17T08:30:04","slug":"pilas-usadas","status":"publish","type":"page","link":"https:\/\/companyofanimals.com\/es\/pilas-usadas\/","title":{"rendered":"Pilas usadas"},"content":{"rendered":"<p>Conforme a las normativas sobre pilas usadas, The Company of Animals ofrece ahora un programa de recogida de todas las pilas usadas port\u00e1tiles.<\/p>\n<p>Puedes devolver las pilas usadas en nuestras instalaciones en persona o por correo. Otra opci\u00f3n es que busques un punto de reciclaje de pilas usadas port\u00e1tiles en <a href=\"http:\/\/www.recyclenow.com\" target=\"_blank\" rel=\"noopener\">www.recyclenow.com<\/a>. La mayor\u00eda de supermercados y tiendas que venden pilas disponen de contenedores de pilas usadas; y tambi\u00e9n algunos ayuntamientos, bibliotecas o colegios podr\u00edan contar con puntos de recogida. A los usuarios finales les podr\u00edan resultar m\u00e1s accesibles las tiendas locales.<\/p>\n","protected":false},"excerpt":{"rendered":"<p>Conforme a las normativas sobre pilas usadas, The Company of Animals ofrece ahora un programa de recogida de todas las pilas usadas port\u00e1tiles. Puedes devolver las pilas usadas en nuestras instalaciones en persona o por correo. Otra opci\u00f3n es que busques un punto de reciclaje de pilas usadas port\u00e1tiles en www.recyclenow.com. La mayor\u00eda de supermercados [&hellip;]<\/p>\n","protected":false},"author":6051,"featured_media":0,"parent":0,"menu_order":15,"comment_status":"closed","ping_status":"closed","template":"","meta":{"_acf_changed":false,"footnotes":""},"class_list":["post-2520","page","type-page","status-publish","hentry","content-entity"],"acf":[],"_links":{"self":[{"href":"https:\/\/companyofanimals.com\/es\/wp-json\/wp\/v2\/pages\/2520","targetHints":{"allow":["GET"]}}],"collection":[{"href":"https:\/\/companyofanimals.com\/es\/wp-json\/wp\/v2\/pages"}],"about":[{"href":"https:\/\/companyofanimals.com\/es\/wp-json\/wp\/v2\/types\/page"}],"author":[{"embeddable":true,"href":"https:\/\/companyofanimals.com\/es\/wp-json\/wp\/v2\/users\/6051"}],"replies":[{"embeddable":true,"href":"https:\/\/companyofanimals.com\/es\/wp-json\/wp\/v2\/comments?post=2520"}],"version-history":[{"count":1,"href":"https:\/\/companyofanimals.com\/es\/wp-json\/wp\/v2\/pages\/2520\/revisions"}],"predecessor-version":[{"id":20866,"href":"https:\/\/companyofanimals.com\/es\/wp-json\/wp\/v2\/pages\/2520\/revisions\/20866"}],"wp:attachment":[{"href":"https:\/\/companyofanimals.com\/es\/wp-json\/wp\/v2\/media?parent=2520"}],"curies":[{"name":"wp","href":"https:\/\/api.w.org\/{rel}","templated":true}]}}