{"id":20514,"date":"2023-09-05T08:39:56","date_gmt":"2023-09-05T12:39:56","guid":{"rendered":"https:\/\/companyofanimals.com\/es\/?page_id=20514"},"modified":"2025-07-03T09:55:45","modified_gmt":"2025-07-03T13:55:45","slug":"politicas-de-la-empresa","status":"publish","type":"page","link":"https:\/\/companyofanimals.com\/es\/politicas-de-la-empresa\/","title":{"rendered":"Pol\u00edticas de la empresa"},"content":{"rendered":"<p>Las pol\u00edticas de The Company of Animals ayudan a proteger a los consumidores y a los empleados. Nuestro objetivo es proporcionarte informaci\u00f3n de tu inter\u00e9s acerca de nuestros productos y servicios. Tu privacidad y confianza son de suma importancia para nosotros y fundamentales para mantener una buena relaci\u00f3n. Las pol\u00edticas de esta p\u00e1gina describen c\u00f3mo intentamos protegerte a ti y a la informaci\u00f3n que facilitas al interactuar con nosotros en l\u00ednea.<\/p>\n<p><a href=\"\/es\/politica-de-privacidad\"><u>Pol\u00edtica de privacidad<\/u><\/a><\/p>\n<p><a href=\"\/es\/reciclaje-de-productos-electricos\/\"><u>Reciclaje de productos el\u00e9ctricos<\/u><\/a><\/p>\n<p>&nbsp;<\/p>\n<p>&nbsp;<\/p>\n","protected":false},"excerpt":{"rendered":"<p>Las pol\u00edticas de The Company of Animals ayudan a proteger a los consumidores y a los empleados. Nuestro objetivo es proporcionarte informaci\u00f3n de tu inter\u00e9s acerca de nuestros productos y servicios. Tu privacidad y confianza son de suma importancia para nosotros y fundamentales para mantener una buena relaci\u00f3n. Las pol\u00edticas de esta p\u00e1gina describen c\u00f3mo [&hellip;]<\/p>\n","protected":false},"author":6051,"featured_media":0,"parent":0,"menu_order":0,"comment_status":"closed","ping_status":"closed","template":"","meta":{"_acf_changed":false,"footnotes":""},"class_list":["post-20514","page","type-page","status-publish","hentry","content-entity"],"acf":[],"_links":{"self":[{"href":"https:\/\/companyofanimals.com\/es\/wp-json\/wp\/v2\/pages\/20514","targetHints":{"allow":["GET"]}}],"collection":[{"href":"https:\/\/companyofanimals.com\/es\/wp-json\/wp\/v2\/pages"}],"about":[{"href":"https:\/\/companyofanimals.com\/es\/wp-json\/wp\/v2\/types\/page"}],"author":[{"embeddable":true,"href":"https:\/\/companyofanimals.com\/es\/wp-json\/wp\/v2\/users\/6051"}],"replies":[{"embeddable":true,"href":"https:\/\/companyofanimals.com\/es\/wp-json\/wp\/v2\/comments?post=20514"}],"version-history":[{"count":11,"href":"https:\/\/companyofanimals.com\/es\/wp-json\/wp\/v2\/pages\/20514\/revisions"}],"predecessor-version":[{"id":22214,"href":"https:\/\/companyofanimals.com\/es\/wp-json\/wp\/v2\/pages\/20514\/revisions\/22214"}],"wp:attachment":[{"href":"https:\/\/companyofanimals.com\/es\/wp-json\/wp\/v2\/media?parent=20514"}],"curies":[{"name":"wp","href":"https:\/\/api.w.org\/{rel}","templated":true}]}}