{"id":19823,"date":"2023-01-12T13:13:55","date_gmt":"2023-01-12T18:13:55","guid":{"rendered":"https:\/\/companyofanimals.com\/es\/?page_id=15651"},"modified":"2023-10-17T04:30:06","modified_gmt":"2023-10-17T08:30:06","slug":"terminos-y-condiciones-de-las-pruebas-de-productos","status":"publish","type":"page","link":"https:\/\/companyofanimals.com\/es\/terminos-y-condiciones-de-las-pruebas-de-productos\/","title":{"rendered":"T\u00e9rminos y condiciones de las pruebas de productos"},"content":{"rendered":"<p><b><span data-contrast=\"auto\">T\u00e9rminos &amp; condiciones de las pruebas de productos de Company of Animals<\/span><\/b><span data-ccp-props=\"{&quot;201341983&quot;:0,&quot;335551550&quot;:2,&quot;335551620&quot;:2,&quot;335559739&quot;:160,&quot;335559740&quot;:257}\">\u00a0<\/span><\/p>\n<ol>\n<li>Al participar en esta encuesta, confirmas que has le\u00eddo y aceptas estos t\u00e9rminos y condiciones.<\/li>\n<li>Tu participaci\u00f3n en la encuesta es voluntaria y puedes decidir no participar en cualquier momento.<\/li>\n<li>El producto en prelanzamiento que vas a probar est\u00e1 en proceso desarrollo actualmente y todav\u00eda no ha salido a la venta. No se puede hacer responsable a Company of Animals por las p\u00e9rdidas o da\u00f1os derivados del uso del producto o la revelaci\u00f3n de informaci\u00f3n facilitada sobre el mismo. Aceptas voluntariamente todos los riesgos o p\u00e9rdidas que podr\u00edan surgir.<\/li>\n<li>El producto en prelanzamiento que vas a probar se considera informaci\u00f3n confidencial y sujeta a derechos de propiedad. Al recibir el producto, aceptas mantener la confidencialidad de la informaci\u00f3n y a no revelarla a terceros. Queda prohibido poner a disposici\u00f3n del dominio p\u00fablico cualquier imagen o informaci\u00f3n sobre este producto o encuesta. Tambi\u00e9n aceptas utilizar la informaci\u00f3n \u00fanicamente para evaluar el producto y no para ning\u00fan otro fin comercial o no comercial. Incumplir estas condiciones puede dar lugar a acciones legales contra ti.<\/li>\n<li>Toda la informaci\u00f3n que nos facilites es verdadera y correcta.<\/li>\n<li>Company of Animals Ltd y sus entidades globales usar\u00e1n la informaci\u00f3n que proporciones en esta encuesta para mejorar y desarrollar nuevos productos. Tambi\u00e9n la podr\u00e1n utilizar con fines de investigaci\u00f3n y marketing, pero tus datos personales ser\u00e1n confidenciales y no se compartir\u00e1n con terceros. Los datos personales recogidos durante esta investigaci\u00f3n se utilizar\u00e1n exclusivamente para los fines de la misma y se destruir\u00e1n una vez finalizada.<\/li>\n<li>Tienes derecho a acceder, rectificar, eliminar u oponerte a cualquier tratamiento de tus datos personales en cualquier momento. Para ello, ponte en contacto con nosotros en <a href=\"mailto:office@wearecoa.com\">office@wearecoa.com<\/a>.<\/li>\n<li>Nos proporcionar\u00e1s sin demora informaci\u00f3n sobre el uso que hayas hecho de los productos. De lo contrario, perder\u00e1s los incentivos acordados por participar en la encuesta.<\/li>\n<li>No eres miembro de la prensa, ni empleado o representante de ning\u00fan competidor, ni tienes relaci\u00f3n alguna con el sector de las mascotas.<\/li>\n<li>Estas pruebas de productos las lleva a cabo Company of Animals Ltd.<\/li>\n<li>Company of Animals Ltd utilizar\u00e1 Survey Monkey para realizar las encuestas y ponerse en contacto contigo. Visita el sitio web de Survey Monkey para saber c\u00f3mo utilizan y almacenan los datos recabados.<\/li>\n<li>Si participas o amenazas con participar en cualquier acto que infrinja alguna disposici\u00f3n de los T\u00e9rminos, se podr\u00edan emprender acciones legales contra ti.<\/li>\n<\/ol>\n","protected":false},"excerpt":{"rendered":"<p>T\u00e9rminos &amp; condiciones de las pruebas de productos de Company of Animals\u00a0 Al participar en esta encuesta, confirmas que has le\u00eddo y aceptas estos t\u00e9rminos y condiciones. Tu participaci\u00f3n en la encuesta es voluntaria y puedes decidir no participar en cualquier momento. El producto en prelanzamiento que vas a probar est\u00e1 en proceso desarrollo actualmente [&hellip;]<\/p>\n","protected":false},"author":6051,"featured_media":0,"parent":0,"menu_order":12,"comment_status":"closed","ping_status":"closed","template":"","meta":{"_acf_changed":false,"footnotes":""},"class_list":["post-19823","page","type-page","status-publish","hentry","content-entity"],"acf":[],"_links":{"self":[{"href":"https:\/\/companyofanimals.com\/es\/wp-json\/wp\/v2\/pages\/19823","targetHints":{"allow":["GET"]}}],"collection":[{"href":"https:\/\/companyofanimals.com\/es\/wp-json\/wp\/v2\/pages"}],"about":[{"href":"https:\/\/companyofanimals.com\/es\/wp-json\/wp\/v2\/types\/page"}],"author":[{"embeddable":true,"href":"https:\/\/companyofanimals.com\/es\/wp-json\/wp\/v2\/users\/6051"}],"replies":[{"embeddable":true,"href":"https:\/\/companyofanimals.com\/es\/wp-json\/wp\/v2\/comments?post=19823"}],"version-history":[{"count":1,"href":"https:\/\/companyofanimals.com\/es\/wp-json\/wp\/v2\/pages\/19823\/revisions"}],"predecessor-version":[{"id":20864,"href":"https:\/\/companyofanimals.com\/es\/wp-json\/wp\/v2\/pages\/19823\/revisions\/20864"}],"wp:attachment":[{"href":"https:\/\/companyofanimals.com\/es\/wp-json\/wp\/v2\/media?parent=19823"}],"curies":[{"name":"wp","href":"https:\/\/api.w.org\/{rel}","templated":true}]}}