{"id":2520,"date":"2020-09-18T09:42:54","date_gmt":"2020-09-18T13:42:54","guid":{"rendered":"https:\/\/companyofanimals.co.uk\/\/?page_id=2520"},"modified":"2023-10-17T04:27:32","modified_gmt":"2023-10-17T08:27:32","slug":"altbatterien","status":"publish","type":"page","link":"https:\/\/companyofanimals.com\/de\/altbatterien\/","title":{"rendered":"Altbatterien"},"content":{"rendered":"<p>Gem\u00e4\u00df Verordnungen \u00fcber Batterien bietet Company of Animals nun ein R\u00fccknahmeprogramm f\u00fcr alle alten Ger\u00e4tebatterien an.<\/p>\n<p>Du kannst deine Altbatterien in Person oder per Post an unseren Standort retournieren. Wir verstehen, dass dies nicht f\u00fcr alle unserer Kund:innen insbesondere au\u00dferhalb Gro\u00dfbritanniens praktikabel ist. Bitte informiere dich bei den jeweils zust\u00e4ndigen Beh\u00f6rden in deiner Region, wie du die Altbatterien konform und verantwortlich entsorgst. Au\u00dferdem stellen viele Superm\u00e4rkte und Gesch\u00e4fte, aber auch diverse \u00f6ffentliche Einrichtungen wie B\u00fcchereien, Schulen, \u00c4mter usw. Altbatteriesammelstellen zur Verf\u00fcgung.<\/p>\n","protected":false},"excerpt":{"rendered":"<p>Gem\u00e4\u00df Verordnungen \u00fcber Batterien bietet Company of Animals nun ein R\u00fccknahmeprogramm f\u00fcr alle alten Ger\u00e4tebatterien an. Du kannst deine Altbatterien in Person oder per Post an unseren Standort retournieren. Wir verstehen, dass dies nicht f\u00fcr alle unserer Kund:innen insbesondere au\u00dferhalb Gro\u00dfbritanniens praktikabel ist. Bitte informiere dich bei den jeweils zust\u00e4ndigen Beh\u00f6rden in deiner Region, wie [&hellip;]<\/p>\n","protected":false},"author":6051,"featured_media":0,"parent":0,"menu_order":15,"comment_status":"closed","ping_status":"closed","template":"","meta":{"_acf_changed":false,"footnotes":""},"class_list":["post-2520","page","type-page","status-publish","hentry","content-entity"],"acf":[],"_links":{"self":[{"href":"https:\/\/companyofanimals.com\/de\/wp-json\/wp\/v2\/pages\/2520","targetHints":{"allow":["GET"]}}],"collection":[{"href":"https:\/\/companyofanimals.com\/de\/wp-json\/wp\/v2\/pages"}],"about":[{"href":"https:\/\/companyofanimals.com\/de\/wp-json\/wp\/v2\/types\/page"}],"author":[{"embeddable":true,"href":"https:\/\/companyofanimals.com\/de\/wp-json\/wp\/v2\/users\/6051"}],"replies":[{"embeddable":true,"href":"https:\/\/companyofanimals.com\/de\/wp-json\/wp\/v2\/comments?post=2520"}],"version-history":[{"count":1,"href":"https:\/\/companyofanimals.com\/de\/wp-json\/wp\/v2\/pages\/2520\/revisions"}],"predecessor-version":[{"id":20710,"href":"https:\/\/companyofanimals.com\/de\/wp-json\/wp\/v2\/pages\/2520\/revisions\/20710"}],"wp:attachment":[{"href":"https:\/\/companyofanimals.com\/de\/wp-json\/wp\/v2\/media?parent=2520"}],"curies":[{"name":"wp","href":"https:\/\/api.w.org\/{rel}","templated":true}]}}