{"id":20458,"date":"2023-09-18T06:09:08","date_gmt":"2023-09-18T10:09:08","guid":{"rendered":"https:\/\/companyofanimals.com\/de\/?page_id=20458"},"modified":"2023-10-17T04:27:30","modified_gmt":"2023-10-17T08:27:30","slug":"unternehmensrichtlinien","status":"publish","type":"page","link":"https:\/\/companyofanimals.com\/de\/unternehmensrichtlinien\/","title":{"rendered":"Unternehmensrichtlinien"},"content":{"rendered":"<p>Die Unternehmensrichtlinien von Company of Animals dienen zum Schutz unserer Kund:innen und Mitarbeiter:innen. Wir m\u00f6chten dir hilfreiche Informationen \u00fcber unsere Produkte und Services bereitstellen. Au\u00dferdem liegt uns eine lange und wertvolle Beziehung zu unseren Kund:innen am Herzen. Wir wissen dein Vertrauen zu sch\u00e4tzen und sch\u00fctzen deine Privatsph\u00e4re. Die Richtlinien auf dieser Seite legen dar, wie wir dich und deine pers\u00f6nlichen Daten sch\u00fctzen, wenn du uns online besuchst und mit uns online kommunizierst.<\/p>\n<p><a href=\"https:\/\/companyofanimals.com\/de\/company-policies\/privacy-policy\/\"><u>Datenschutzerkl\u00e4rung<\/u><\/a><\/p>\n<p><a href=\"http:\/\/de\/terms-and-conditions\/\"><u>Allgemeine Gesch\u00e4ftsbedingungen<\/u><\/a><\/p>\n<p><a href=\"https:\/\/companyofanimals.com\/de\/company-policies\/product-testing-terms-and-conditions\/\"><u>Allgemeine Gesch\u00e4ftsbedingungen f\u00fcr Produkttests<\/u><\/a><\/p>\n<p><a href=\"https:\/\/companyofanimals.com\/de\/company-policies\/electrical-returns\/\"><u>Recycling elektrischer Produkte<\/u><\/a><\/p>\n<p><a href=\"\/de\/waste-batteries\/\"><u>Altbatterien<\/u><\/a><\/p>\n","protected":false},"excerpt":{"rendered":"<p>Die Unternehmensrichtlinien von Company of Animals dienen zum Schutz unserer Kund:innen und Mitarbeiter:innen. Wir m\u00f6chten dir hilfreiche Informationen \u00fcber unsere Produkte und Services bereitstellen. Au\u00dferdem liegt uns eine lange und wertvolle Beziehung zu unseren Kund:innen am Herzen. Wir wissen dein Vertrauen zu sch\u00e4tzen und sch\u00fctzen deine Privatsph\u00e4re. Die Richtlinien auf dieser Seite legen dar, wie [&hellip;]<\/p>\n","protected":false},"author":6051,"featured_media":0,"parent":0,"menu_order":0,"comment_status":"closed","ping_status":"closed","template":"","meta":{"_acf_changed":false,"footnotes":""},"class_list":["post-20458","page","type-page","status-publish","hentry","content-entity"],"acf":[],"_links":{"self":[{"href":"https:\/\/companyofanimals.com\/de\/wp-json\/wp\/v2\/pages\/20458","targetHints":{"allow":["GET"]}}],"collection":[{"href":"https:\/\/companyofanimals.com\/de\/wp-json\/wp\/v2\/pages"}],"about":[{"href":"https:\/\/companyofanimals.com\/de\/wp-json\/wp\/v2\/types\/page"}],"author":[{"embeddable":true,"href":"https:\/\/companyofanimals.com\/de\/wp-json\/wp\/v2\/users\/6051"}],"replies":[{"embeddable":true,"href":"https:\/\/companyofanimals.com\/de\/wp-json\/wp\/v2\/comments?post=20458"}],"version-history":[{"count":3,"href":"https:\/\/companyofanimals.com\/de\/wp-json\/wp\/v2\/pages\/20458\/revisions"}],"predecessor-version":[{"id":20461,"href":"https:\/\/companyofanimals.com\/de\/wp-json\/wp\/v2\/pages\/20458\/revisions\/20461"}],"wp:attachment":[{"href":"https:\/\/companyofanimals.com\/de\/wp-json\/wp\/v2\/media?parent=20458"}],"curies":[{"name":"wp","href":"https:\/\/api.w.org\/{rel}","templated":true}]}}