{"id":19864,"date":"2023-01-12T13:13:55","date_gmt":"2023-01-12T18:13:55","guid":{"rendered":"https:\/\/companyofanimals.com\/de\/?page_id=15651"},"modified":"2023-10-17T04:27:33","modified_gmt":"2023-10-17T08:27:33","slug":"allgemeine-geschaftsbedingungen-fur-produkttests","status":"publish","type":"page","link":"https:\/\/companyofanimals.com\/de\/allgemeine-geschaftsbedingungen-fur-produkttests\/","title":{"rendered":"Allgemeine Gesch\u00e4ftsbedingungen f\u00fcr Produkttests"},"content":{"rendered":"<p><b><span data-contrast=\"auto\">Allgemeine Gesch\u00e4ftsbedingungen f\u00fcr Produkttests von Company of Animals<\/span><\/b><span data-ccp-props=\"{&quot;201341983&quot;:0,&quot;335551550&quot;:2,&quot;335551620&quot;:2,&quot;335559739&quot;:160,&quot;335559740&quot;:257}\">\u00a0<\/span><\/p>\n<ol>\n<li>Mit der Teilnahme an dieser Umfrage best\u00e4tigen Sie, dass Sie diese Bedingungen gelesen haben und damit einverstanden sind.<\/li>\n<li>Ihre Teilnahme an dieser Umfrage ist freiwillig und Sie k\u00f6nnen Ihre Teilnahme jederzeit widerrufen.<\/li>\n<li>Das Produkt, das Sie testen werden, befindet sich derzeit noch in der Entwicklung und wurde noch nicht zum Verkauf freigegeben. Company of Animals \u00fcbernimmt keine Haftung f\u00fcr Verluste oder Sch\u00e4den, die aus der Verwendung der Produkte oder der Bekanntgabe von Informationen \u00fcber das Produkt entstehen. Sie \u00fcbernehmen freiwillig alle Risiken f\u00fcr Verluste oder Sch\u00e4den, die auftreten k\u00f6nnten.<\/li>\n<li>Das Produkt, das Sie testen werden, ist noch nicht auf dem Markt und alle Informationen dazu sind vertraulich und gesetzlich gesch\u00fctzt. Mit dem Erhalt des Produkts verpflichten Sie sich, die Informationen vertraulich zu behandeln und sie nicht an Dritte weiterzugeben. Es ist untersagt, Bilder oder Informationen \u00fcber dieses Produkt oder diese Umfrage mit der \u00d6ffentlichkeit zu teilen. Sie erkl\u00e4ren sich au\u00dferdem damit einverstanden, die Informationen nur zum Zweck der Bewertung des Produkts und nicht f\u00fcr andere kommerzielle oder nichtkommerzielle Zwecke zu verwenden. Wenn Sie gegen diese Bedingungen versto\u00dfen, kann dies rechtliche Folgen f\u00fcr Sie haben.<\/li>\n<li>Sie best\u00e4tigen, dass alle Angaben, die Sie uns gegen\u00fcber machen, wahr und richtig sind.<\/li>\n<li>Die Informationen, die Sie im Rahmen dieser Umfrage bereitstellen, werden von Company of Animals Ltd. und seinen weltweiten Vertretungen f\u00fcr die Verbesserung und Entwicklung neuer Produkte verwendet. Sie k\u00f6nnen weiters f\u00fcr Forschungs- und Marketingzwecke verwendet werden. Ihre personenbezogene Daten sind jedoch vertraulich und werden nicht an Dritte weitergegeben. Personenbezogene Daten, die im Zuge dieser Forschung erfasst werden, werden rein f\u00fcr den Zweck dieser Forschung verwendet und werden nach Abschluss dieser vernichtet.<\/li>\n<li>Sie haben das Recht, jederzeit auf Ihre personenbezogenen Daten zuzugreifen, sie zu berichtigen, zu l\u00f6schen oder ihrer Verarbeitung zu widersprechen, indem Sie uns dies per E-Mail an <a href=\"mailto:office@wearecoa.com\">office@wearecoa.com<\/a> mitteilen.<\/li>\n<li>Sie stimmen zu, uns umgehend R\u00fcckmeldung \u00fcber Ihre Erfahrung mit den Produkten zu geben. Wenn Sie dies nicht tun, verfallen die vereinbarten Verg\u00fctungen f\u00fcr die Teilnahme an der Umfrage.<\/li>\n<li>Sie sind weder ein Mitglied der Presse noch bei einem Konkurrenzunternehmen angestellt oder vertreten ein solches, oder haben anderweitige Verbindungen zur Haustierbranche.<\/li>\n<li>Der Produkttest wird von Company of Animals Ltd. durchgef\u00fchrt.<\/li>\n<li>Company of Animals Ltd. verwendet Survey Monkey zur Durchf\u00fchrung dieser Umfrage und wird Sie \u00fcber diese Plattform kontaktieren. Informieren Sie sich bitte auf der Webseite von Survey Monkey \u00fcber die relevante Verwendung und Speicherung von Daten dieses Anbieters.<\/li>\n<li>Sollten Sie eine Handlung t\u00e4tigen oder androhen, die gegen eine Bestimmung dieser Gesch\u00e4ftsbedingungen verst\u00f6\u00dft, kann dies zu rechtlichen Schritten gegen Sie f\u00fchren.<\/li>\n<\/ol>\n","protected":false},"excerpt":{"rendered":"<p>Allgemeine Gesch\u00e4ftsbedingungen f\u00fcr Produkttests von Company of Animals\u00a0 Mit der Teilnahme an dieser Umfrage best\u00e4tigen Sie, dass Sie diese Bedingungen gelesen haben und damit einverstanden sind. Ihre Teilnahme an dieser Umfrage ist freiwillig und Sie k\u00f6nnen Ihre Teilnahme jederzeit widerrufen. Das Produkt, das Sie testen werden, befindet sich derzeit noch in der Entwicklung und wurde [&hellip;]<\/p>\n","protected":false},"author":6051,"featured_media":0,"parent":0,"menu_order":12,"comment_status":"closed","ping_status":"closed","template":"","meta":{"_acf_changed":false,"footnotes":""},"class_list":["post-19864","page","type-page","status-publish","hentry","content-entity"],"acf":[],"_links":{"self":[{"href":"https:\/\/companyofanimals.com\/de\/wp-json\/wp\/v2\/pages\/19864","targetHints":{"allow":["GET"]}}],"collection":[{"href":"https:\/\/companyofanimals.com\/de\/wp-json\/wp\/v2\/pages"}],"about":[{"href":"https:\/\/companyofanimals.com\/de\/wp-json\/wp\/v2\/types\/page"}],"author":[{"embeddable":true,"href":"https:\/\/companyofanimals.com\/de\/wp-json\/wp\/v2\/users\/6051"}],"replies":[{"embeddable":true,"href":"https:\/\/companyofanimals.com\/de\/wp-json\/wp\/v2\/comments?post=19864"}],"version-history":[{"count":1,"href":"https:\/\/companyofanimals.com\/de\/wp-json\/wp\/v2\/pages\/19864\/revisions"}],"predecessor-version":[{"id":20708,"href":"https:\/\/companyofanimals.com\/de\/wp-json\/wp\/v2\/pages\/19864\/revisions\/20708"}],"wp:attachment":[{"href":"https:\/\/companyofanimals.com\/de\/wp-json\/wp\/v2\/media?parent=19864"}],"curies":[{"name":"wp","href":"https:\/\/api.w.org\/{rel}","templated":true}]}}